{"id":3704,"date":"2024-01-02T12:37:39","date_gmt":"2024-01-02T11:37:39","guid":{"rendered":"https:\/\/www.beti.si\/beti-2\/valori\/"},"modified":"2025-01-31T10:28:33","modified_gmt":"2025-01-31T09:28:33","slug":"valori","status":"publish","type":"page","link":"https:\/\/www.beti.si\/it\/sulla-beti\/valori\/","title":{"rendered":"Valori"},"content":{"rendered":"<div class=\"wpb-content-wrapper\"><p>[vc_row][vc_column offset=&#8221;vc_col-md-offset-1 vc_col-md-10&#8243;]<div id=\"ultimate-heading-40566a0965c99163b\" class=\"uvc-heading ult-adjust-bottom-margin ultimate-heading-40566a0965c99163b uvc-6508 naslov uvc-heading-default-font-sizes\" data-hspacer=\"no_spacer\"  data-halign=\"left\" style=\"text-align:left\"><div class=\"uvc-heading-spacer no_spacer\" style=\"top\"><\/div><div class=\"uvc-main-heading ult-responsive\"  data-ultimate-target='.uvc-heading.ultimate-heading-40566a0965c99163b h1'  data-responsive-json-new='{\"font-size\":\"\",\"line-height\":\"\"}' ><h1 style=\"--font-weight:theme;\">Valori<\/h1><\/div><\/div>[\/vc_column][\/vc_row][vc_row css=&#8221;.vc_custom_1704196380678{margin-top: -50px !important;margin-bottom: -30px !important;}&#8221;][vc_column css=&#8221;.vc_custom_1707393508486{padding-right: 50px !important;}&#8221; offset=&#8221;vc_col-md-offset-1 vc_col-md-10&#8243;][vc_single_image image=&#8221;928&#8243; img_size=&#8221;152&#215;90&#8243; alignment=&#8221;right&#8221; css=&#8221;.vc_custom_1707575993262{margin-bottom: 0px !important;padding-right: 50px !important;padding-bottom: 0px !important;}&#8221; image_hovers=&#8221;false&#8221; el_class=&#8221;values-logo-float&#8221;][\/vc_column][\/vc_row][vc_row full_width=&#8221;stretch_row&#8221; css=&#8221;.vc_custom_1707575471320{padding-top: 60px !important;padding-bottom: 100px !important;background-color: #8bc400 !important;}&#8221;][vc_column offset=&#8221;vc_col-md-offset-1 vc_col-md-10&#8243;][vc_tta_accordion section_title_tag=&#8221;h2&#8243; style=&#8221;flat&#8221; shape=&#8221;square&#8221; c_icon=&#8221;chevron&#8221; c_position=&#8221;right&#8221; active_section=&#8221;0&#8243; no_fill=&#8221;true&#8221; collapsible_all=&#8221;true&#8221; el_class=&#8221;accordion-green&#8221;][vc_tta_section title=&#8221;Responsabilit\u00e0 e affidabilit\u00e0&#8221; tab_id=&#8221;Responsabilita-e-affidabilita&#8221;]<div id=\"ultimate-heading-83446a0965c991724\" class=\"uvc-heading ult-adjust-bottom-margin ultimate-heading-83446a0965c991724 uvc-2613 \" data-hspacer=\"no_spacer\"  data-halign=\"left\" style=\"text-align:left\"><div class=\"uvc-heading-spacer no_spacer\" style=\"top\"><\/div><div class=\"uvc-main-heading ult-responsive\"  data-ultimate-target='.uvc-heading.ultimate-heading-83446a0965c991724 p'  data-responsive-json-new='{\"font-size\":\"desktop:20px;\",\"line-height\":\"\"}' ><p style=\"--font-weight:theme;color:#ffffff;\">Forniamo la qualit\u00e0 che promettiamo. Troviamo una soluzione anche nelle situazioni difficili.<\/p><\/div><\/div>[\/vc_tta_section][vc_tta_section title=&#8221;Innovazione&#8221; tab_id=&#8221;innovazione&#8221;]<div id=\"ultimate-heading-54456a0965c9917a3\" class=\"uvc-heading ult-adjust-bottom-margin ultimate-heading-54456a0965c9917a3 uvc-1826 \" data-hspacer=\"no_spacer\"  data-halign=\"left\" style=\"text-align:left\"><div class=\"uvc-heading-spacer no_spacer\" style=\"top\"><\/div><div class=\"uvc-main-heading ult-responsive\"  data-ultimate-target='.uvc-heading.ultimate-heading-54456a0965c9917a3 p'  data-responsive-json-new='{\"font-size\":\"desktop:20px;\",\"line-height\":\"\"}' ><p style=\"--font-weight:theme;color:#ffffff;\">Troviamo modi innovativi per sviluppare soluzioni sostenibili e circolari a tutti i livelli.<\/p><\/div><\/div>[\/vc_tta_section][vc_tta_section title=&#8221;Partnership&#8221; tab_id=&#8221;Partnership&#8221;]<div id=\"ultimate-heading-35406a0965c991819\" class=\"uvc-heading ult-adjust-bottom-margin ultimate-heading-35406a0965c991819 uvc-298 \" data-hspacer=\"no_spacer\"  data-halign=\"left\" style=\"text-align:left\"><div class=\"uvc-heading-spacer no_spacer\" style=\"top\"><\/div><div class=\"uvc-main-heading ult-responsive\"  data-ultimate-target='.uvc-heading.ultimate-heading-35406a0965c991819 p'  data-responsive-json-new='{\"font-size\":\"desktop:20px;\",\"line-height\":\"\"}' ><p style=\"--font-weight:theme;color:#ffffff;\">Costruiamo partnership durature e aiutiamo a sviluppare la comunit\u00e0 locale e pi\u00f9 ampia.<\/p><\/div><\/div>[\/vc_tta_section][vc_tta_section title=&#8221;Flessibilit\u00e0&#8221; tab_id=&#8221;flessibilita&#8221;]<div id=\"ultimate-heading-53736a0965c9918a5\" class=\"uvc-heading ult-adjust-bottom-margin ultimate-heading-53736a0965c9918a5 uvc-3205 \" data-hspacer=\"no_spacer\"  data-halign=\"left\" style=\"text-align:left\"><div class=\"uvc-heading-spacer no_spacer\" style=\"top\"><\/div><div class=\"uvc-main-heading ult-responsive\"  data-ultimate-target='.uvc-heading.ultimate-heading-53736a0965c9918a5 p'  data-responsive-json-new='{\"font-size\":\"desktop:20px;\",\"line-height\":\"\"}' ><p style=\"--font-weight:theme;color:#ffffff;\">Ci adattiamo facilmente ai cambiamenti.<\/p><\/div><\/div>[\/vc_tta_section][vc_tta_section title=&#8221;Ambizione&#8221; tab_id=&#8221;ambizione&#8221;]<div id=\"ultimate-heading-92986a0965c991915\" class=\"uvc-heading ult-adjust-bottom-margin ultimate-heading-92986a0965c991915 uvc-9360 \" data-hspacer=\"no_spacer\"  data-halign=\"left\" style=\"text-align:left\"><div class=\"uvc-heading-spacer no_spacer\" style=\"top\"><\/div><div class=\"uvc-main-heading ult-responsive\"  data-ultimate-target='.uvc-heading.ultimate-heading-92986a0965c991915 p'  data-responsive-json-new='{\"font-size\":\"desktop:20px;\",\"line-height\":\"\"}' ><p style=\"--font-weight:theme;color:#ffffff;\">Siamo in grado di riconoscere e cogliere le opportunit\u00e0 di progresso.<\/p><\/div><\/div>[\/vc_tta_section][\/vc_tta_accordion][\/vc_column][\/vc_row]<\/p>\n<\/div>","protected":false},"excerpt":{"rendered":"<p>[vc_row][vc_column offset=&#8221;vc_col-md-offset-1 vc_col-md-10&#8243;][\/vc_column][\/vc_row][vc_row css=&#8221;.vc_custom_1704196380678{margin-top: -50px !important;margin-bottom: -30px !important;}&#8221;][vc_column css=&#8221;.vc_custom_1707393508486{padding-right: 50px !important;}&#8221; offset=&#8221;vc_col-md-offset-1 vc_col-md-10&#8243;][vc_single_image image=&#8221;928&#8243; img_size=&#8221;152&#215;90&#8243; alignment=&#8221;right&#8221; css=&#8221;.vc_custom_1707575993262{margin-bottom: 0px !important;padding-right: 50px !important;padding-bottom: 0px !important;}&#8221; image_hovers=&#8221;false&#8221; el_class=&#8221;values-logo-float&#8221;][\/vc_column][\/vc_row][vc_row full_width=&#8221;stretch_row&#8221; css=&#8221;.vc_custom_1707575471320{padding-top: 60px !important;padding-bottom: 100px !important;background-color: #8bc400 !important;}&#8221;][vc_column offset=&#8221;vc_col-md-offset-1 vc_col-md-10&#8243;][vc_tta_accordion section_title_tag=&#8221;h2&#8243; style=&#8221;flat&#8221; shape=&#8221;square&#8221; c_icon=&#8221;chevron&#8221; c_position=&#8221;right&#8221; active_section=&#8221;0&#8243; no_fill=&#8221;true&#8221; collapsible_all=&#8221;true&#8221; el_class=&#8221;accordion-green&#8221;][vc_tta_section title=&#8221;Responsabilit\u00e0 e affidabilit\u00e0&#8221; tab_id=&#8221;Responsabilita-e-affidabilita&#8221;][\/vc_tta_section][vc_tta_section title=&#8221;Innovazione&#8221; tab_id=&#8221;innovazione&#8221;][\/vc_tta_section][vc_tta_section title=&#8221;Partnership&#8221; tab_id=&#8221;Partnership&#8221;][\/vc_tta_section][vc_tta_section title=&#8221;Flessibilit\u00e0&#8221; tab_id=&#8221;flessibilita&#8221;][\/vc_tta_section][vc_tta_section title=&#8221;Ambizione&#8221;&hellip;<\/p>\n","protected":false},"author":4,"featured_media":0,"parent":3698,"menu_order":0,"comment_status":"closed","ping_status":"closed","template":"","meta":{"_monsterinsights_skip_tracking":false,"_monsterinsights_sitenote_active":false,"_monsterinsights_sitenote_note":"","_monsterinsights_sitenote_category":0,"footnotes":""},"class_list":["post-3704","page","type-page","status-publish","hentry","description-off"],"yoast_head":"<!-- This site is optimized with the Yoast SEO plugin v27.6 - https:\/\/yoast.com\/product\/yoast-seo-wordpress\/ -->\n<title>I valori che seguiamo - BETI Textile Industry<\/title>\n<meta name=\"description\" content=\"I valori che seguiamo nella Beti: l&#039;innovazione, la responsabilit\u00e0 e la partnership, la flessibilit\u00e0, la sostenibilit\u00e0, l&#039;audacia e l&#039;ambizione. Unisciti al nostro viaggio.\" \/>\n<meta name=\"robots\" content=\"index, follow, max-snippet:-1, max-image-preview:large, max-video-preview:-1\" \/>\n<link rel=\"canonical\" href=\"https:\/\/www.beti.si\/en\/beti\/values\/\" \/>\n<meta property=\"og:locale\" content=\"it_IT\" \/>\n<meta property=\"og:type\" content=\"article\" \/>\n<meta property=\"og:title\" content=\"I valori che seguiamo - BETI Textile Industry\" \/>\n<meta property=\"og:description\" content=\"I valori che seguiamo nella Beti: l&#039;innovazione, la responsabilit\u00e0 e la partnership, la flessibilit\u00e0, la sostenibilit\u00e0, l&#039;audacia e l&#039;ambizione. Unisciti al nostro viaggio.\" \/>\n<meta property=\"og:url\" content=\"https:\/\/www.beti.si\/en\/beti\/values\/\" \/>\n<meta property=\"og:site_name\" content=\"BETI Textile Industry\" \/>\n<meta property=\"article:modified_time\" content=\"2025-01-31T09:28:33+00:00\" \/>\n<meta property=\"og:image\" content=\"https:\/\/www.beti.si\/wp-content\/uploads\/2024\/02\/beti-logo-red-feat.jpg\" \/>\n\t<meta property=\"og:image:width\" content=\"1200\" \/>\n\t<meta property=\"og:image:height\" content=\"675\" \/>\n\t<meta property=\"og:image:type\" content=\"image\/jpeg\" \/>\n<meta name=\"twitter:card\" content=\"summary_large_image\" \/>\n<meta name=\"twitter:label1\" content=\"Tempo di lettura stimato\" \/>\n\t<meta name=\"twitter:data1\" content=\"1 minuto\" \/>\n<script type=\"application\/ld+json\" class=\"yoast-schema-graph\">{\"@context\":\"https:\\\/\\\/schema.org\",\"@graph\":[{\"@type\":\"WebPage\",\"@id\":\"https:\\\/\\\/www.beti.si\\\/en\\\/beti\\\/values\\\/\",\"url\":\"https:\\\/\\\/www.beti.si\\\/en\\\/beti\\\/values\\\/\",\"name\":\"I valori che seguiamo - BETI Textile Industry\",\"isPartOf\":{\"@id\":\"https:\\\/\\\/www.beti.si\\\/en\\\/#website\"},\"datePublished\":\"2024-01-02T11:37:39+00:00\",\"dateModified\":\"2025-01-31T09:28:33+00:00\",\"description\":\"I valori che seguiamo nella Beti: l'innovazione, la responsabilit\u00e0 e la partnership, la flessibilit\u00e0, la sostenibilit\u00e0, l'audacia e l'ambizione. Unisciti al nostro viaggio.\",\"breadcrumb\":{\"@id\":\"https:\\\/\\\/www.beti.si\\\/en\\\/beti\\\/values\\\/#breadcrumb\"},\"inLanguage\":\"it-IT\",\"potentialAction\":[{\"@type\":\"ReadAction\",\"target\":[\"https:\\\/\\\/www.beti.si\\\/en\\\/beti\\\/values\\\/\"]}]},{\"@type\":\"BreadcrumbList\",\"@id\":\"https:\\\/\\\/www.beti.si\\\/en\\\/beti\\\/values\\\/#breadcrumb\",\"itemListElement\":[{\"@type\":\"ListItem\",\"position\":1,\"name\":\"Home\",\"item\":\"https:\\\/\\\/www.beti.si\\\/it\\\/\"},{\"@type\":\"ListItem\",\"position\":2,\"name\":\"Beti\",\"item\":\"https:\\\/\\\/www.beti.si\\\/en\\\/beti\\\/\"},{\"@type\":\"ListItem\",\"position\":3,\"name\":\"Valori\"}]},{\"@type\":\"WebSite\",\"@id\":\"https:\\\/\\\/www.beti.si\\\/en\\\/#website\",\"url\":\"https:\\\/\\\/www.beti.si\\\/en\\\/\",\"name\":\"BETI Textile Industry\",\"description\":\"Since 1959\",\"publisher\":{\"@id\":\"https:\\\/\\\/www.beti.si\\\/en\\\/#organization\"},\"potentialAction\":[{\"@type\":\"SearchAction\",\"target\":{\"@type\":\"EntryPoint\",\"urlTemplate\":\"https:\\\/\\\/www.beti.si\\\/en\\\/?s={search_term_string}\"},\"query-input\":{\"@type\":\"PropertyValueSpecification\",\"valueRequired\":true,\"valueName\":\"search_term_string\"}}],\"inLanguage\":\"it-IT\"},{\"@type\":\"Organization\",\"@id\":\"https:\\\/\\\/www.beti.si\\\/en\\\/#organization\",\"name\":\"BETI\",\"url\":\"https:\\\/\\\/www.beti.si\\\/en\\\/\",\"logo\":{\"@type\":\"ImageObject\",\"inLanguage\":\"it-IT\",\"@id\":\"https:\\\/\\\/www.beti.si\\\/en\\\/#\\\/schema\\\/logo\\\/image\\\/\",\"url\":\"https:\\\/\\\/www.beti.si\\\/wp-content\\\/uploads\\\/2024\\\/02\\\/beti-logo-red-feat-sq.jpg\",\"contentUrl\":\"https:\\\/\\\/www.beti.si\\\/wp-content\\\/uploads\\\/2024\\\/02\\\/beti-logo-red-feat-sq.jpg\",\"width\":696,\"height\":696,\"caption\":\"BETI\"},\"image\":{\"@id\":\"https:\\\/\\\/www.beti.si\\\/en\\\/#\\\/schema\\\/logo\\\/image\\\/\"}}]}<\/script>\n<!-- \/ Yoast SEO plugin. -->","yoast_head_json":{"title":"I valori che seguiamo - BETI Textile Industry","description":"I valori che seguiamo nella Beti: l'innovazione, la responsabilit\u00e0 e la partnership, la flessibilit\u00e0, la sostenibilit\u00e0, l'audacia e l'ambizione. Unisciti al nostro viaggio.","robots":{"index":"index","follow":"follow","max-snippet":"max-snippet:-1","max-image-preview":"max-image-preview:large","max-video-preview":"max-video-preview:-1"},"canonical":"https:\/\/www.beti.si\/en\/beti\/values\/","og_locale":"it_IT","og_type":"article","og_title":"I valori che seguiamo - BETI Textile Industry","og_description":"I valori che seguiamo nella Beti: l'innovazione, la responsabilit\u00e0 e la partnership, la flessibilit\u00e0, la sostenibilit\u00e0, l'audacia e l'ambizione. Unisciti al nostro viaggio.","og_url":"https:\/\/www.beti.si\/en\/beti\/values\/","og_site_name":"BETI Textile Industry","article_modified_time":"2025-01-31T09:28:33+00:00","og_image":[{"width":1200,"height":675,"url":"https:\/\/www.beti.si\/wp-content\/uploads\/2024\/02\/beti-logo-red-feat.jpg","type":"image\/jpeg"}],"twitter_card":"summary_large_image","twitter_misc":{"Tempo di lettura stimato":"1 minuto"},"schema":{"@context":"https:\/\/schema.org","@graph":[{"@type":"WebPage","@id":"https:\/\/www.beti.si\/en\/beti\/values\/","url":"https:\/\/www.beti.si\/en\/beti\/values\/","name":"I valori che seguiamo - BETI Textile Industry","isPartOf":{"@id":"https:\/\/www.beti.si\/en\/#website"},"datePublished":"2024-01-02T11:37:39+00:00","dateModified":"2025-01-31T09:28:33+00:00","description":"I valori che seguiamo nella Beti: l'innovazione, la responsabilit\u00e0 e la partnership, la flessibilit\u00e0, la sostenibilit\u00e0, l'audacia e l'ambizione. Unisciti al nostro viaggio.","breadcrumb":{"@id":"https:\/\/www.beti.si\/en\/beti\/values\/#breadcrumb"},"inLanguage":"it-IT","potentialAction":[{"@type":"ReadAction","target":["https:\/\/www.beti.si\/en\/beti\/values\/"]}]},{"@type":"BreadcrumbList","@id":"https:\/\/www.beti.si\/en\/beti\/values\/#breadcrumb","itemListElement":[{"@type":"ListItem","position":1,"name":"Home","item":"https:\/\/www.beti.si\/it\/"},{"@type":"ListItem","position":2,"name":"Beti","item":"https:\/\/www.beti.si\/en\/beti\/"},{"@type":"ListItem","position":3,"name":"Valori"}]},{"@type":"WebSite","@id":"https:\/\/www.beti.si\/en\/#website","url":"https:\/\/www.beti.si\/en\/","name":"BETI Textile Industry","description":"Since 1959","publisher":{"@id":"https:\/\/www.beti.si\/en\/#organization"},"potentialAction":[{"@type":"SearchAction","target":{"@type":"EntryPoint","urlTemplate":"https:\/\/www.beti.si\/en\/?s={search_term_string}"},"query-input":{"@type":"PropertyValueSpecification","valueRequired":true,"valueName":"search_term_string"}}],"inLanguage":"it-IT"},{"@type":"Organization","@id":"https:\/\/www.beti.si\/en\/#organization","name":"BETI","url":"https:\/\/www.beti.si\/en\/","logo":{"@type":"ImageObject","inLanguage":"it-IT","@id":"https:\/\/www.beti.si\/en\/#\/schema\/logo\/image\/","url":"https:\/\/www.beti.si\/wp-content\/uploads\/2024\/02\/beti-logo-red-feat-sq.jpg","contentUrl":"https:\/\/www.beti.si\/wp-content\/uploads\/2024\/02\/beti-logo-red-feat-sq.jpg","width":696,"height":696,"caption":"BETI"},"image":{"@id":"https:\/\/www.beti.si\/en\/#\/schema\/logo\/image\/"}}]}},"_links":{"self":[{"href":"https:\/\/www.beti.si\/it\/wp-json\/wp\/v2\/pages\/3704","targetHints":{"allow":["GET"]}}],"collection":[{"href":"https:\/\/www.beti.si\/it\/wp-json\/wp\/v2\/pages"}],"about":[{"href":"https:\/\/www.beti.si\/it\/wp-json\/wp\/v2\/types\/page"}],"author":[{"embeddable":true,"href":"https:\/\/www.beti.si\/it\/wp-json\/wp\/v2\/users\/4"}],"replies":[{"embeddable":true,"href":"https:\/\/www.beti.si\/it\/wp-json\/wp\/v2\/comments?post=3704"}],"version-history":[{"count":9,"href":"https:\/\/www.beti.si\/it\/wp-json\/wp\/v2\/pages\/3704\/revisions"}],"predecessor-version":[{"id":4480,"href":"https:\/\/www.beti.si\/it\/wp-json\/wp\/v2\/pages\/3704\/revisions\/4480"}],"up":[{"embeddable":true,"href":"https:\/\/www.beti.si\/it\/wp-json\/wp\/v2\/pages\/3698"}],"wp:attachment":[{"href":"https:\/\/www.beti.si\/it\/wp-json\/wp\/v2\/media?parent=3704"}],"curies":[{"name":"wp","href":"https:\/\/api.w.org\/{rel}","templated":true}]}}