{"id":3722,"date":"2024-02-16T09:58:30","date_gmt":"2024-02-16T08:58:30","guid":{"rendered":"https:\/\/www.beti.si\/cookie\/"},"modified":"2024-11-26T21:42:12","modified_gmt":"2024-11-26T20:42:12","slug":"cookie","status":"publish","type":"page","link":"https:\/\/www.beti.si\/it\/cookie\/","title":{"rendered":"Cookie"},"content":{"rendered":"<div class=\"wpb-content-wrapper\"><p>[vc_row][vc_column offset=&#8221;vc_col-md-offset-2 vc_col-md-8&#8243;][vc_column_text css=&#8221;.vc_custom_1708074048162{margin-bottom: 100px !important;}&#8221;]<\/p>\n<h4><a href=\"https:\/\/www.beti.si\/en\/privacy-policy\/\">&lt; Leggi l&#8217;informativa sulla privacy<\/a><\/h4>\n<p>&nbsp;<\/p>\n<h2>Cookie<\/h2>\n<p>&nbsp;<\/p>\n<h3>Cosa sono i cookie<\/h3>\n<p>I cookie sono piccoli file di testo che la maggior parte dei siti web memorizza sui dispositivi con cui gli utenti accedono a Internet al fine di identificare i singoli dispositivi utilizzati dagli utenti per accedere. Il cookie in s\u00e9 non contiene n\u00e9 raccoglie informazioni. Tuttavia, se viene letto dal server insieme al browser web, pu\u00f2 aiutare il sito web a fornire un servizio pi\u00f9 semplice. I cookie ci permettono di ottenere dati sul numero di visitatori del sito web, sui visitatori nuovi e precedenti, sull&#8217;utilizzo del sito web e cos\u00ec via, il che ci consente di migliorare e adattare il sito web alle esigenze e ai desideri degli utenti.<br \/>\nLa loro memorizzazione \u00e8 sotto il pieno controllo dell&#8217;utente, che pu\u00f2 limitare o disabilitare la memorizzazione dei cookie nel browser che utilizza.<\/p>\n<p>&nbsp;<\/p>\n<h3>Perch\u00e9 sono necessari i cookie ?<\/h3>\n<p>I cookie sono fondamentali per fornire servizi online di facile utilizzo. Le funzioni pi\u00f9 comuni dell&#8217;e-business non sarebbero possibili senza i cookie.<br \/>\nL&#8217;interazione tra l&#8217;utente del web e il sito web \u00e8 pi\u00f9 veloce e semplice con l&#8217;aiuto dei cookie. Con il loro aiuto, il sito web ricorda le preferenze e le esperienze dell&#8217;utente, facendo risparmiare tempo e rendendo la navigazione sul web pi\u00f9 efficiente e piacevole.  <\/p>\n<p>&nbsp;<\/p>\n<h3>Perch\u00e9 i siti web utilizzano i cookie?<\/h3>\n<p>I cookie sono utilizzati dalla maggior parte dei siti web, sono un mezzo conveniente per mantenere i contenuti freschi e appropriati, in linea con gli interessi e le preferenze del singolo utente del web. I cookie si utilizzano per diverse ragioni, la prima delle quali \u00e8 sicuramente la loro capacit\u00e0 di memorizzare dati sullo stato di un singolo sito web (dettagli sulle regolazioni di un singolo sito web), aiutano nell&#8217;implementazione di vari servizi online (negozi online), aiutano nella raccolta di varie statistiche sulle abitudini degli utenti online \u2013 perch\u00e9 solo con essi \u00e8 possibile monitorare la frequenza di visita di un determinato sito web. Le aziende possono utilizzare i cookie per valutare l&#8217;efficacia del design dei loro siti web, nonch\u00e9 l&#8217;adeguatezza del tipo e del numero di pubblicit\u00e0 che offrono agli utenti sui loro siti web. <\/p>\n<p>&nbsp;<\/p>\n<h3>Il sito web utilizza i seguenti cookie:<\/h3>\n<div class=\"cky-audit-table-element\"><\/div>\n<p>[\/vc_column_text][\/vc_column][\/vc_row]<\/p>\n<\/div>","protected":false},"excerpt":{"rendered":"<p>[vc_row][vc_column offset=&#8221;vc_col-md-offset-2 vc_col-md-8&#8243;][vc_column_text css=&#8221;.vc_custom_1708074048162{margin-bottom: 100px !important;}&#8221;] &lt; Leggi l&#8217;informativa sulla privacy &nbsp; Cookie &nbsp; Cosa sono i cookie I cookie sono piccoli file di testo che la maggior parte dei siti web memorizza sui dispositivi con cui gli utenti accedono a Internet al fine di identificare i singoli dispositivi utilizzati dagli utenti per accedere. Il&hellip;<\/p>\n","protected":false},"author":4,"featured_media":0,"parent":0,"menu_order":0,"comment_status":"closed","ping_status":"open","template":"","meta":{"_monsterinsights_skip_tracking":false,"_monsterinsights_sitenote_active":false,"_monsterinsights_sitenote_note":"","_monsterinsights_sitenote_category":0,"footnotes":""},"class_list":["post-3722","page","type-page","status-publish","hentry","description-off"],"yoast_head":"<!-- This site is optimized with the Yoast SEO plugin v27.6 - https:\/\/yoast.com\/product\/yoast-seo-wordpress\/ -->\n<title>Cookie - BETI Textile Industry<\/title>\n<meta name=\"robots\" content=\"noindex, nofollow\" \/>\n<meta property=\"og:locale\" content=\"it_IT\" \/>\n<meta property=\"og:type\" content=\"article\" \/>\n<meta property=\"og:title\" content=\"Cookie - BETI Textile Industry\" \/>\n<meta property=\"og:description\" content=\"[vc_row][vc_column offset=&#8221;vc_col-md-offset-2 vc_col-md-8&#8243;][vc_column_text css=&#8221;.vc_custom_1708074048162{margin-bottom: 100px !important;}&#8221;] &lt; Leggi l&#8217;informativa sulla privacy &nbsp; Cookie &nbsp; Cosa sono i cookie I cookie sono piccoli file di testo che la maggior parte dei siti web memorizza sui dispositivi con cui gli utenti accedono a Internet al fine di identificare i singoli dispositivi utilizzati dagli utenti per accedere. Il&hellip;\" \/>\n<meta property=\"og:url\" content=\"https:\/\/www.beti.si\/en\/cookies\/\" \/>\n<meta property=\"og:site_name\" content=\"BETI Textile Industry\" \/>\n<meta property=\"article:modified_time\" content=\"2024-11-26T20:42:12+00:00\" \/>\n<meta property=\"og:image\" content=\"https:\/\/www.beti.si\/wp-content\/uploads\/2024\/02\/beti-logo-red-feat.jpg\" \/>\n\t<meta property=\"og:image:width\" content=\"1200\" \/>\n\t<meta property=\"og:image:height\" content=\"675\" \/>\n\t<meta property=\"og:image:type\" content=\"image\/jpeg\" \/>\n<meta name=\"twitter:card\" content=\"summary_large_image\" \/>\n<meta name=\"twitter:label1\" content=\"Tempo di lettura stimato\" \/>\n\t<meta name=\"twitter:data1\" content=\"2 minuti\" \/>\n<script type=\"application\/ld+json\" class=\"yoast-schema-graph\">{\"@context\":\"https:\\\/\\\/schema.org\",\"@graph\":[{\"@type\":\"WebPage\",\"@id\":\"https:\\\/\\\/www.beti.si\\\/en\\\/cookies\\\/\",\"url\":\"https:\\\/\\\/www.beti.si\\\/en\\\/cookies\\\/\",\"name\":\"Cookie - BETI Textile Industry\",\"isPartOf\":{\"@id\":\"https:\\\/\\\/www.beti.si\\\/en\\\/#website\"},\"datePublished\":\"2024-02-16T08:58:30+00:00\",\"dateModified\":\"2024-11-26T20:42:12+00:00\",\"breadcrumb\":{\"@id\":\"https:\\\/\\\/www.beti.si\\\/en\\\/cookies\\\/#breadcrumb\"},\"inLanguage\":\"it-IT\",\"potentialAction\":[{\"@type\":\"ReadAction\",\"target\":[\"https:\\\/\\\/www.beti.si\\\/en\\\/cookies\\\/\"]}]},{\"@type\":\"BreadcrumbList\",\"@id\":\"https:\\\/\\\/www.beti.si\\\/en\\\/cookies\\\/#breadcrumb\",\"itemListElement\":[{\"@type\":\"ListItem\",\"position\":1,\"name\":\"Home\",\"item\":\"https:\\\/\\\/www.beti.si\\\/it\\\/\"},{\"@type\":\"ListItem\",\"position\":2,\"name\":\"Cookie\"}]},{\"@type\":\"WebSite\",\"@id\":\"https:\\\/\\\/www.beti.si\\\/en\\\/#website\",\"url\":\"https:\\\/\\\/www.beti.si\\\/en\\\/\",\"name\":\"BETI Textile Industry\",\"description\":\"Since 1959\",\"publisher\":{\"@id\":\"https:\\\/\\\/www.beti.si\\\/en\\\/#organization\"},\"potentialAction\":[{\"@type\":\"SearchAction\",\"target\":{\"@type\":\"EntryPoint\",\"urlTemplate\":\"https:\\\/\\\/www.beti.si\\\/en\\\/?s={search_term_string}\"},\"query-input\":{\"@type\":\"PropertyValueSpecification\",\"valueRequired\":true,\"valueName\":\"search_term_string\"}}],\"inLanguage\":\"it-IT\"},{\"@type\":\"Organization\",\"@id\":\"https:\\\/\\\/www.beti.si\\\/en\\\/#organization\",\"name\":\"BETI\",\"url\":\"https:\\\/\\\/www.beti.si\\\/en\\\/\",\"logo\":{\"@type\":\"ImageObject\",\"inLanguage\":\"it-IT\",\"@id\":\"https:\\\/\\\/www.beti.si\\\/en\\\/#\\\/schema\\\/logo\\\/image\\\/\",\"url\":\"https:\\\/\\\/www.beti.si\\\/wp-content\\\/uploads\\\/2024\\\/02\\\/beti-logo-red-feat-sq.jpg\",\"contentUrl\":\"https:\\\/\\\/www.beti.si\\\/wp-content\\\/uploads\\\/2024\\\/02\\\/beti-logo-red-feat-sq.jpg\",\"width\":696,\"height\":696,\"caption\":\"BETI\"},\"image\":{\"@id\":\"https:\\\/\\\/www.beti.si\\\/en\\\/#\\\/schema\\\/logo\\\/image\\\/\"}}]}<\/script>\n<!-- \/ Yoast SEO plugin. -->","yoast_head_json":{"title":"Cookie - BETI Textile Industry","robots":{"index":"noindex","follow":"nofollow"},"og_locale":"it_IT","og_type":"article","og_title":"Cookie - BETI Textile Industry","og_description":"[vc_row][vc_column offset=&#8221;vc_col-md-offset-2 vc_col-md-8&#8243;][vc_column_text css=&#8221;.vc_custom_1708074048162{margin-bottom: 100px !important;}&#8221;] &lt; Leggi l&#8217;informativa sulla privacy &nbsp; Cookie &nbsp; Cosa sono i cookie I cookie sono piccoli file di testo che la maggior parte dei siti web memorizza sui dispositivi con cui gli utenti accedono a Internet al fine di identificare i singoli dispositivi utilizzati dagli utenti per accedere. Il&hellip;","og_url":"https:\/\/www.beti.si\/en\/cookies\/","og_site_name":"BETI Textile Industry","article_modified_time":"2024-11-26T20:42:12+00:00","og_image":[{"width":1200,"height":675,"url":"https:\/\/www.beti.si\/wp-content\/uploads\/2024\/02\/beti-logo-red-feat.jpg","type":"image\/jpeg"}],"twitter_card":"summary_large_image","twitter_misc":{"Tempo di lettura stimato":"2 minuti"},"schema":{"@context":"https:\/\/schema.org","@graph":[{"@type":"WebPage","@id":"https:\/\/www.beti.si\/en\/cookies\/","url":"https:\/\/www.beti.si\/en\/cookies\/","name":"Cookie - BETI Textile Industry","isPartOf":{"@id":"https:\/\/www.beti.si\/en\/#website"},"datePublished":"2024-02-16T08:58:30+00:00","dateModified":"2024-11-26T20:42:12+00:00","breadcrumb":{"@id":"https:\/\/www.beti.si\/en\/cookies\/#breadcrumb"},"inLanguage":"it-IT","potentialAction":[{"@type":"ReadAction","target":["https:\/\/www.beti.si\/en\/cookies\/"]}]},{"@type":"BreadcrumbList","@id":"https:\/\/www.beti.si\/en\/cookies\/#breadcrumb","itemListElement":[{"@type":"ListItem","position":1,"name":"Home","item":"https:\/\/www.beti.si\/it\/"},{"@type":"ListItem","position":2,"name":"Cookie"}]},{"@type":"WebSite","@id":"https:\/\/www.beti.si\/en\/#website","url":"https:\/\/www.beti.si\/en\/","name":"BETI Textile Industry","description":"Since 1959","publisher":{"@id":"https:\/\/www.beti.si\/en\/#organization"},"potentialAction":[{"@type":"SearchAction","target":{"@type":"EntryPoint","urlTemplate":"https:\/\/www.beti.si\/en\/?s={search_term_string}"},"query-input":{"@type":"PropertyValueSpecification","valueRequired":true,"valueName":"search_term_string"}}],"inLanguage":"it-IT"},{"@type":"Organization","@id":"https:\/\/www.beti.si\/en\/#organization","name":"BETI","url":"https:\/\/www.beti.si\/en\/","logo":{"@type":"ImageObject","inLanguage":"it-IT","@id":"https:\/\/www.beti.si\/en\/#\/schema\/logo\/image\/","url":"https:\/\/www.beti.si\/wp-content\/uploads\/2024\/02\/beti-logo-red-feat-sq.jpg","contentUrl":"https:\/\/www.beti.si\/wp-content\/uploads\/2024\/02\/beti-logo-red-feat-sq.jpg","width":696,"height":696,"caption":"BETI"},"image":{"@id":"https:\/\/www.beti.si\/en\/#\/schema\/logo\/image\/"}}]}},"_links":{"self":[{"href":"https:\/\/www.beti.si\/it\/wp-json\/wp\/v2\/pages\/3722","targetHints":{"allow":["GET"]}}],"collection":[{"href":"https:\/\/www.beti.si\/it\/wp-json\/wp\/v2\/pages"}],"about":[{"href":"https:\/\/www.beti.si\/it\/wp-json\/wp\/v2\/types\/page"}],"author":[{"embeddable":true,"href":"https:\/\/www.beti.si\/it\/wp-json\/wp\/v2\/users\/4"}],"replies":[{"embeddable":true,"href":"https:\/\/www.beti.si\/it\/wp-json\/wp\/v2\/comments?post=3722"}],"version-history":[{"count":4,"href":"https:\/\/www.beti.si\/it\/wp-json\/wp\/v2\/pages\/3722\/revisions"}],"predecessor-version":[{"id":4175,"href":"https:\/\/www.beti.si\/it\/wp-json\/wp\/v2\/pages\/3722\/revisions\/4175"}],"wp:attachment":[{"href":"https:\/\/www.beti.si\/it\/wp-json\/wp\/v2\/media?parent=3722"}],"curies":[{"name":"wp","href":"https:\/\/api.w.org\/{rel}","templated":true}]}}