{"id":4782,"date":"2025-03-27T15:53:58","date_gmt":"2025-03-27T14:53:58","guid":{"rendered":"https:\/\/www.beti.si\/sostenibile\/certificazione-oeko-tex\/"},"modified":"2025-03-27T16:14:13","modified_gmt":"2025-03-27T15:14:13","slug":"certificazione-oeko-tex","status":"publish","type":"page","link":"https:\/\/www.beti.si\/it\/sostenibile\/certificazione-oeko-tex\/","title":{"rendered":"Certificazione OEKO-TEX\u00ae"},"content":{"rendered":"<div class=\"wpb-content-wrapper\"><p>[vc_row][vc_column offset=&#8221;vc_col-md-offset-1 vc_col-md-10&#8243;]<div id=\"ultimate-heading-13526a0965e2e21c0\" class=\"uvc-heading ult-adjust-bottom-margin ultimate-heading-13526a0965e2e21c0 uvc-9704 \" data-hspacer=\"no_spacer\"  data-halign=\"left\" style=\"text-align:left\"><div class=\"uvc-heading-spacer no_spacer\" style=\"top\"><\/div><div class=\"uvc-main-heading ult-responsive\"  data-ultimate-target='.uvc-heading.ultimate-heading-13526a0965e2e21c0 h1'  data-responsive-json-new='{\"font-size\":\"mobile_landscape:40px;\",\"line-height\":\"\"}' ><h1 style=\"--font-weight:theme;margin-bottom:20px;\">Certificazione OEKO-TEX\u00ae<\/h1><\/div><\/div>[\/vc_column][\/vc_row][vc_row gap=&#8221;35&#8243; equal_height=&#8221;yes&#8221; content_placement=&#8221;top&#8221; css=&#8221;.vc_custom_1743086831137{padding-top: 80px !important;}&#8221;][vc_column width=&#8221;1\/2&#8243;][vc_single_image image=&#8221;1042&#8243; img_size=&#8221;full&#8221; alignment=&#8221;right&#8221; image_hovers=&#8221;false&#8221; el_class=&#8221;back-red&#8221;][vc_row_inner css=&#8221;.vc_custom_1743088403281{margin-right: 0px !important;margin-left: 0px !important;padding-right: 50px !important;padding-bottom: 80px !important;padding-left: 50px !important;background-color: #e4002b !important;}&#8221; el_class=&#8221;row-red&#8221;][vc_column_inner]<div id=\"ultimate-heading-26556a0965e2e228c\" class=\"uvc-heading ult-adjust-bottom-margin ultimate-heading-26556a0965e2e228c uvc-7553 \" data-hspacer=\"no_spacer\"  data-halign=\"left\" style=\"text-align:left\"><div class=\"uvc-heading-spacer no_spacer\" style=\"top\"><\/div><div class=\"uvc-sub-heading ult-responsive\"  data-ultimate-target='.uvc-heading.ultimate-heading-26556a0965e2e228c .uvc-sub-heading '  data-responsive-json-new='{\"font-size\":\"mobile_landscape:40px;\",\"line-height\":\"\"}'  style=\"font-weight:normal;\"><\/p>\n<h2><span style=\"color: #ffffff;\">OEKO-TEX\u00ae Standard 100, ALLEGATO 6<\/span><\/h2>\n<p><\/div><\/div>[\/vc_column_inner][\/vc_row_inner][\/vc_column][vc_column width=&#8221;1\/2&#8243;][vc_column_text css=&#8221;.vc_custom_1743088416086{padding-top: 70px !important;}&#8221;]L&#8217;industria tessile Beti d.o.o. \u00e8 orgogliosa di essere un <strong>vettore <a href=\"https:\/\/www.oeko-tex.com\/en\/our-standards\/oeko-tex-standard-100\" target=\"_blank\" rel=\"noopener\">OEKO-TEX\u00ae Standard 100<\/a><\/strong> (dal 2005) sia per i materiali vergini che per quelli riciclati. Finora lo standard OEKO-TEX\u00ae riguardava l&#8217;ALLEGATO 4. Tuttavia, <strong>a partire dal 2024, BETI d.o.o. ha esteso il proprio certificato all&#8217;ALLEGATO 6 per i materiali vergini.<\/strong><\/p>\n<p>Mentre l&#8217;Allegato 4 si concentra sui requisiti essenziali volti a salvaguardare la salute dei consumatori. Al contrario, l&#8217;Allegato 6 dell&#8217;Oeko-Tex\u00ae Standard 100 si occupa delle sostanze chimiche discutibili utilizzate nella produzione che potrebbero non avere un impatto diretto sulla salute ma essere dannose per l&#8217;ambiente. In quanto azienda impegnata nella sostenibilit\u00e0, questa espansione si allinea perfettamente con i nostri valori.<\/p>\n<p>Ci impegniamo a rendere ogni aspetto della nostra attivit\u00e0 pi\u00f9 rispettoso dell&#8217;ambiente e questa certificazione \u00e8 un altro passo nella giusta direzione.[\/vc_column_text][\/vc_column][\/vc_row][vc_row content_placement=&#8221;middle&#8221;][vc_column width=&#8221;1\/2&#8243;][vc_row_inner][vc_column_inner width=&#8221;2\/3&#8243; offset=&#8221;vc_col-xs-8&#8243;][vc_single_image image=&#8221;3539&#8243; img_size=&#8221;full&#8221; alignment=&#8221;center&#8221; css=&#8221;&#8221; image_hovers=&#8221;false&#8221;][\/vc_column_inner][vc_column_inner width=&#8221;1\/3&#8243;][\/vc_column_inner][\/vc_row_inner][\/vc_column][vc_column width=&#8221;1\/2&#8243;][vc_video link=&#8221;https:\/\/youtu.be\/yzqG-xCBKvw?si=yhFgO1kCcYfE08JM&#8221; css=&#8221;&#8221;][\/vc_column][\/vc_row]<\/p>\n<\/div>","protected":false},"excerpt":{"rendered":"<p>[vc_row][vc_column offset=&#8221;vc_col-md-offset-1 vc_col-md-10&#8243;][\/vc_column][\/vc_row][vc_row gap=&#8221;35&#8243; equal_height=&#8221;yes&#8221; content_placement=&#8221;top&#8221; css=&#8221;.vc_custom_1743086831137{padding-top: 80px !important;}&#8221;][vc_column width=&#8221;1\/2&#8243;][vc_single_image image=&#8221;1042&#8243; img_size=&#8221;full&#8221; alignment=&#8221;right&#8221; image_hovers=&#8221;false&#8221; el_class=&#8221;back-red&#8221;][vc_row_inner css=&#8221;.vc_custom_1743088403281{margin-right: 0px !important;margin-left: 0px !important;padding-right: 50px !important;padding-bottom: 80px !important;padding-left: 50px !important;background-color: #e4002b !important;}&#8221; el_class=&#8221;row-red&#8221;][vc_column_inner][\/vc_column_inner][\/vc_row_inner][\/vc_column][vc_column width=&#8221;1\/2&#8243;][vc_column_text css=&#8221;.vc_custom_1743088416086{padding-top: 70px !important;}&#8221;]L&#8217;industria tessile Beti d.o.o. \u00e8 orgogliosa di essere un vettore OEKO-TEX\u00ae Standard 100 (dal 2005) sia per i materiali vergini che per quelli&hellip;<\/p>\n","protected":false},"author":4,"featured_media":0,"parent":3739,"menu_order":0,"comment_status":"closed","ping_status":"closed","template":"","meta":{"_monsterinsights_skip_tracking":false,"_monsterinsights_sitenote_active":false,"_monsterinsights_sitenote_note":"","_monsterinsights_sitenote_category":0,"footnotes":""},"class_list":["post-4782","page","type-page","status-publish","hentry","description-off"],"yoast_head":"<!-- This site is optimized with the Yoast SEO plugin v27.6 - https:\/\/yoast.com\/product\/yoast-seo-wordpress\/ -->\n<title>Certificazione OEKO-TEX\u00ae - BETI Textile Industry<\/title>\n<meta name=\"description\" content=\"BETI d.o.o. \u00e8 orgogliosa di essere un vettore OEKO-TEX Standard 100 e ha esteso il suo certificato all&#039;ALLEGATO 6 per i materiali vergini.\" \/>\n<meta name=\"robots\" content=\"index, follow, max-snippet:-1, max-image-preview:large, max-video-preview:-1\" \/>\n<link rel=\"canonical\" href=\"https:\/\/www.beti.si\/en\/sustainable\/oeko-tex-certification\/\" \/>\n<meta property=\"og:locale\" content=\"it_IT\" \/>\n<meta property=\"og:type\" content=\"article\" \/>\n<meta property=\"og:title\" content=\"Certificazione OEKO-TEX\u00ae - BETI Textile Industry\" \/>\n<meta property=\"og:description\" content=\"BETI d.o.o. \u00e8 orgogliosa di essere un vettore OEKO-TEX Standard 100 e ha esteso il suo certificato all&#039;ALLEGATO 6 per i materiali vergini.\" \/>\n<meta property=\"og:url\" content=\"https:\/\/www.beti.si\/en\/sustainable\/oeko-tex-certification\/\" \/>\n<meta property=\"og:site_name\" content=\"BETI Textile Industry\" \/>\n<meta property=\"article:modified_time\" content=\"2025-03-27T15:14:13+00:00\" \/>\n<meta property=\"og:image\" content=\"https:\/\/www.beti.si\/wp-content\/uploads\/2024\/02\/beti-logo-red-feat.jpg\" \/>\n\t<meta property=\"og:image:width\" content=\"1200\" \/>\n\t<meta property=\"og:image:height\" content=\"675\" \/>\n\t<meta property=\"og:image:type\" content=\"image\/jpeg\" \/>\n<meta name=\"twitter:card\" content=\"summary_large_image\" \/>\n<meta name=\"twitter:label1\" content=\"Tempo di lettura stimato\" \/>\n\t<meta name=\"twitter:data1\" content=\"1 minuto\" \/>\n<script type=\"application\/ld+json\" class=\"yoast-schema-graph\">{\"@context\":\"https:\\\/\\\/schema.org\",\"@graph\":[{\"@type\":\"WebPage\",\"@id\":\"https:\\\/\\\/www.beti.si\\\/en\\\/sustainable\\\/oeko-tex-certification\\\/\",\"url\":\"https:\\\/\\\/www.beti.si\\\/en\\\/sustainable\\\/oeko-tex-certification\\\/\",\"name\":\"Certificazione OEKO-TEX\u00ae - BETI Textile Industry\",\"isPartOf\":{\"@id\":\"https:\\\/\\\/www.beti.si\\\/en\\\/#website\"},\"datePublished\":\"2025-03-27T14:53:58+00:00\",\"dateModified\":\"2025-03-27T15:14:13+00:00\",\"description\":\"BETI d.o.o. \u00e8 orgogliosa di essere un vettore OEKO-TEX Standard 100 e ha esteso il suo certificato all'ALLEGATO 6 per i materiali vergini.\",\"breadcrumb\":{\"@id\":\"https:\\\/\\\/www.beti.si\\\/en\\\/sustainable\\\/oeko-tex-certification\\\/#breadcrumb\"},\"inLanguage\":\"it-IT\",\"potentialAction\":[{\"@type\":\"ReadAction\",\"target\":[\"https:\\\/\\\/www.beti.si\\\/en\\\/sustainable\\\/oeko-tex-certification\\\/\"]}]},{\"@type\":\"BreadcrumbList\",\"@id\":\"https:\\\/\\\/www.beti.si\\\/en\\\/sustainable\\\/oeko-tex-certification\\\/#breadcrumb\",\"itemListElement\":[{\"@type\":\"ListItem\",\"position\":1,\"name\":\"Home\",\"item\":\"https:\\\/\\\/www.beti.si\\\/it\\\/\"},{\"@type\":\"ListItem\",\"position\":2,\"name\":\"Sostenibile\",\"item\":\"https:\\\/\\\/www.beti.si\\\/en\\\/sustainable\\\/\"},{\"@type\":\"ListItem\",\"position\":3,\"name\":\"Certificazione OEKO-TEX\u00ae\"}]},{\"@type\":\"WebSite\",\"@id\":\"https:\\\/\\\/www.beti.si\\\/en\\\/#website\",\"url\":\"https:\\\/\\\/www.beti.si\\\/en\\\/\",\"name\":\"BETI Textile Industry\",\"description\":\"Since 1959\",\"publisher\":{\"@id\":\"https:\\\/\\\/www.beti.si\\\/en\\\/#organization\"},\"potentialAction\":[{\"@type\":\"SearchAction\",\"target\":{\"@type\":\"EntryPoint\",\"urlTemplate\":\"https:\\\/\\\/www.beti.si\\\/en\\\/?s={search_term_string}\"},\"query-input\":{\"@type\":\"PropertyValueSpecification\",\"valueRequired\":true,\"valueName\":\"search_term_string\"}}],\"inLanguage\":\"it-IT\"},{\"@type\":\"Organization\",\"@id\":\"https:\\\/\\\/www.beti.si\\\/en\\\/#organization\",\"name\":\"BETI\",\"url\":\"https:\\\/\\\/www.beti.si\\\/en\\\/\",\"logo\":{\"@type\":\"ImageObject\",\"inLanguage\":\"it-IT\",\"@id\":\"https:\\\/\\\/www.beti.si\\\/en\\\/#\\\/schema\\\/logo\\\/image\\\/\",\"url\":\"https:\\\/\\\/www.beti.si\\\/wp-content\\\/uploads\\\/2024\\\/02\\\/beti-logo-red-feat-sq.jpg\",\"contentUrl\":\"https:\\\/\\\/www.beti.si\\\/wp-content\\\/uploads\\\/2024\\\/02\\\/beti-logo-red-feat-sq.jpg\",\"width\":696,\"height\":696,\"caption\":\"BETI\"},\"image\":{\"@id\":\"https:\\\/\\\/www.beti.si\\\/en\\\/#\\\/schema\\\/logo\\\/image\\\/\"}}]}<\/script>\n<!-- \/ Yoast SEO plugin. -->","yoast_head_json":{"title":"Certificazione OEKO-TEX\u00ae - BETI Textile Industry","description":"BETI d.o.o. \u00e8 orgogliosa di essere un vettore OEKO-TEX Standard 100 e ha esteso il suo certificato all'ALLEGATO 6 per i materiali vergini.","robots":{"index":"index","follow":"follow","max-snippet":"max-snippet:-1","max-image-preview":"max-image-preview:large","max-video-preview":"max-video-preview:-1"},"canonical":"https:\/\/www.beti.si\/en\/sustainable\/oeko-tex-certification\/","og_locale":"it_IT","og_type":"article","og_title":"Certificazione OEKO-TEX\u00ae - BETI Textile Industry","og_description":"BETI d.o.o. \u00e8 orgogliosa di essere un vettore OEKO-TEX Standard 100 e ha esteso il suo certificato all'ALLEGATO 6 per i materiali vergini.","og_url":"https:\/\/www.beti.si\/en\/sustainable\/oeko-tex-certification\/","og_site_name":"BETI Textile Industry","article_modified_time":"2025-03-27T15:14:13+00:00","og_image":[{"width":1200,"height":675,"url":"https:\/\/www.beti.si\/wp-content\/uploads\/2024\/02\/beti-logo-red-feat.jpg","type":"image\/jpeg"}],"twitter_card":"summary_large_image","twitter_misc":{"Tempo di lettura stimato":"1 minuto"},"schema":{"@context":"https:\/\/schema.org","@graph":[{"@type":"WebPage","@id":"https:\/\/www.beti.si\/en\/sustainable\/oeko-tex-certification\/","url":"https:\/\/www.beti.si\/en\/sustainable\/oeko-tex-certification\/","name":"Certificazione OEKO-TEX\u00ae - BETI Textile Industry","isPartOf":{"@id":"https:\/\/www.beti.si\/en\/#website"},"datePublished":"2025-03-27T14:53:58+00:00","dateModified":"2025-03-27T15:14:13+00:00","description":"BETI d.o.o. \u00e8 orgogliosa di essere un vettore OEKO-TEX Standard 100 e ha esteso il suo certificato all'ALLEGATO 6 per i materiali vergini.","breadcrumb":{"@id":"https:\/\/www.beti.si\/en\/sustainable\/oeko-tex-certification\/#breadcrumb"},"inLanguage":"it-IT","potentialAction":[{"@type":"ReadAction","target":["https:\/\/www.beti.si\/en\/sustainable\/oeko-tex-certification\/"]}]},{"@type":"BreadcrumbList","@id":"https:\/\/www.beti.si\/en\/sustainable\/oeko-tex-certification\/#breadcrumb","itemListElement":[{"@type":"ListItem","position":1,"name":"Home","item":"https:\/\/www.beti.si\/it\/"},{"@type":"ListItem","position":2,"name":"Sostenibile","item":"https:\/\/www.beti.si\/en\/sustainable\/"},{"@type":"ListItem","position":3,"name":"Certificazione OEKO-TEX\u00ae"}]},{"@type":"WebSite","@id":"https:\/\/www.beti.si\/en\/#website","url":"https:\/\/www.beti.si\/en\/","name":"BETI Textile Industry","description":"Since 1959","publisher":{"@id":"https:\/\/www.beti.si\/en\/#organization"},"potentialAction":[{"@type":"SearchAction","target":{"@type":"EntryPoint","urlTemplate":"https:\/\/www.beti.si\/en\/?s={search_term_string}"},"query-input":{"@type":"PropertyValueSpecification","valueRequired":true,"valueName":"search_term_string"}}],"inLanguage":"it-IT"},{"@type":"Organization","@id":"https:\/\/www.beti.si\/en\/#organization","name":"BETI","url":"https:\/\/www.beti.si\/en\/","logo":{"@type":"ImageObject","inLanguage":"it-IT","@id":"https:\/\/www.beti.si\/en\/#\/schema\/logo\/image\/","url":"https:\/\/www.beti.si\/wp-content\/uploads\/2024\/02\/beti-logo-red-feat-sq.jpg","contentUrl":"https:\/\/www.beti.si\/wp-content\/uploads\/2024\/02\/beti-logo-red-feat-sq.jpg","width":696,"height":696,"caption":"BETI"},"image":{"@id":"https:\/\/www.beti.si\/en\/#\/schema\/logo\/image\/"}}]}},"_links":{"self":[{"href":"https:\/\/www.beti.si\/it\/wp-json\/wp\/v2\/pages\/4782","targetHints":{"allow":["GET"]}}],"collection":[{"href":"https:\/\/www.beti.si\/it\/wp-json\/wp\/v2\/pages"}],"about":[{"href":"https:\/\/www.beti.si\/it\/wp-json\/wp\/v2\/types\/page"}],"author":[{"embeddable":true,"href":"https:\/\/www.beti.si\/it\/wp-json\/wp\/v2\/users\/4"}],"replies":[{"embeddable":true,"href":"https:\/\/www.beti.si\/it\/wp-json\/wp\/v2\/comments?post=4782"}],"version-history":[{"count":4,"href":"https:\/\/www.beti.si\/it\/wp-json\/wp\/v2\/pages\/4782\/revisions"}],"predecessor-version":[{"id":4790,"href":"https:\/\/www.beti.si\/it\/wp-json\/wp\/v2\/pages\/4782\/revisions\/4790"}],"up":[{"embeddable":true,"href":"https:\/\/www.beti.si\/it\/wp-json\/wp\/v2\/pages\/3739"}],"wp:attachment":[{"href":"https:\/\/www.beti.si\/it\/wp-json\/wp\/v2\/media?parent=4782"}],"curies":[{"name":"wp","href":"https:\/\/api.w.org\/{rel}","templated":true}]}}